{"id":2578,"date":"2025-04-19T19:21:57","date_gmt":"2025-04-19T19:21:57","guid":{"rendered":"https:\/\/harmonijauma.si\/?post_type=product&#038;p=2578"},"modified":"2025-10-16T00:28:13","modified_gmt":"2025-10-16T00:28:13","slug":"hypnosis-for-better-self-image-and-increased-self-confidence","status":"publish","type":"product","link":"https:\/\/harmonijauma.si\/en\/product\/hypnosis-for-better-self-image-and-increased-self-confidence\/","title":{"rendered":"Hipnoza za bolj\u0161o samopodobo in pove\u010danje samozavesti"},"content":{"rendered":"<p dir=\"auto\">Se soo\u010date z notranjimi dvomi, pomanjkanjem samozavesti ali ob\u010dutkom, da niste dovolj? Ta vodena hipnoza je ustvarjena, da vam pomaga preoblikovati notranjo sliko o sebi in okrepiti pozitivno samopodobo. S pomo\u010djo skrbno zasnovanih sugestij boste postopoma razvijali ve\u010djo notranjo mo\u010d, zaupanje vase in ob\u010dutek lastne vrednosti.<\/p>\n<p dir=\"auto\">Hipnoza za pove\u010danje samozavesti vas vodi v globoko sprostitev, kjer podzavest postane bolj odprta za nove, pozitivne miselne vzorce. Redno poslu\u0161anje vam lahko pomaga:<\/p>\n<p>&nbsp;<\/p>\n<ul>\n<li>izbolj\u0161ati samopodobo in ob\u010dutek lastne vrednosti,<\/li>\n<li>pove\u010dati samozavest pri vsakodnevnih izzivih,<\/li>\n<li>premagati notranje ovire, ki vas omejujejo,<\/li>\n<li>sprostiti ob\u010dutek manjvrednosti in negotovosti,<\/li>\n<li>la\u017eje izraziti svoje sposobnosti in talente,<\/li>\n<li>\n<p dir=\"auto\">\u017eiveti bolj samozavestno in avtenti\u010dno \u017eivljenje.<\/p>\n<\/li>\n<\/ul>\n<p>&nbsp;<\/p>\n<p dir=\"auto\">Vsak posnetek je strokovno zasnovan, skrbno pripravljen, posnet in obdelan z namenom, da vas vodi skozi proces osebne transformacije. Ob rednem poslu\u0161anju boste za\u010deli do\u017eivljati ve\u010d notranje jasnosti, ve\u010dje samozaupanje in ob\u010dutek, da ste dovolj \u2013 to\u010dno tak\u0161ni, kot ste.<\/p>\n<p dir=\"auto\">Ob nakupu prejmete takoj\u0161en dostop do vsebine, ki jo lahko poslu\u0161ate kjerkoli in kadarkoli \u2013 brez omejitev. Naj bo ta hipnoza va\u0161 podporni ritual pri krepitvi notranje mo\u010di in grajenju pozitivne samopodobe.<\/p>\n<p>&nbsp;<\/p>","protected":false},"excerpt":{"rendered":"<p>Hipnoza za bolj\u0161o samopodobo in pove\u010danje samozavesti<\/p>\n<p>(31:15 min)<\/p>","protected":false},"featured_media":2747,"template":"","meta":[],"product_brand":[],"product_cat":[28],"product_tag":[],"class_list":{"0":"post-2578","1":"product","2":"type-product","3":"status-publish","4":"has-post-thumbnail","6":"product_cat-slovenske-hipnoze","8":"first","9":"instock","10":"virtual","11":"sold-individually","12":"purchasable","13":"product-type-simple"},"_links":{"self":[{"href":"https:\/\/harmonijauma.si\/en\/wp-json\/wp\/v2\/product\/2578","targetHints":{"allow":["GET"]}}],"collection":[{"href":"https:\/\/harmonijauma.si\/en\/wp-json\/wp\/v2\/product"}],"about":[{"href":"https:\/\/harmonijauma.si\/en\/wp-json\/wp\/v2\/types\/product"}],"wp:featuredmedia":[{"embeddable":true,"href":"https:\/\/harmonijauma.si\/en\/wp-json\/wp\/v2\/media\/2747"}],"wp:attachment":[{"href":"https:\/\/harmonijauma.si\/en\/wp-json\/wp\/v2\/media?parent=2578"}],"wp:term":[{"taxonomy":"product_brand","embeddable":true,"href":"https:\/\/harmonijauma.si\/en\/wp-json\/wp\/v2\/product_brand?post=2578"},{"taxonomy":"product_cat","embeddable":true,"href":"https:\/\/harmonijauma.si\/en\/wp-json\/wp\/v2\/product_cat?post=2578"},{"taxonomy":"product_tag","embeddable":true,"href":"https:\/\/harmonijauma.si\/en\/wp-json\/wp\/v2\/product_tag?post=2578"}],"curies":[{"name":"wp","href":"https:\/\/api.w.org\/{rel}","templated":true}]}}