{"id":2581,"date":"2025-04-19T19:24:17","date_gmt":"2025-04-19T19:24:17","guid":{"rendered":"https:\/\/harmonijauma.si\/?post_type=product&#038;p=2581"},"modified":"2025-10-16T00:32:48","modified_gmt":"2025-10-16T00:32:48","slug":"hypnosis-for-treatment-of-anxiety-and-increasing-inner-strength","status":"publish","type":"product","link":"https:\/\/harmonijauma.si\/en\/product\/hypnosis-for-treatment-of-anxiety-and-increasing-inner-strength\/","title":{"rendered":"Hipnoza za zdravljenje anksioznosti, tesnobe in pove\u010danje notranje mo\u010di"},"content":{"rendered":"<p dir=\"auto\">Se soo\u010date z ob\u010dutki tesnobe, nemira ali pretirane napetosti? Ta vodena hipnoza je ustvarjena posebej za laj\u0161anje anksioznosti in krepitev va\u0161e notranje mo\u010di. S pomo\u010djo profesionalno zasnovanega zvo\u010dneg posnetka boste odkrili na\u010din, kako umiriti um, sprostiti telo ter ponovno vzpostaviti ravnovesje med \u010dustvi in mislimi.<\/p>\n<p dir=\"auto\">Hipnoza deluje tako, da vas popelje v globlje stanje sprostitve, kjer se podzavest odpre za nove, pozitivne miselne vzorce. Z rednim poslu\u0161anjem si lahko pomagate:<\/p>\n<div>\n<div>\n<p>&nbsp;<\/p>\n<ul>\n<li>zmanj\u0161ati ob\u010dutke anksioznosti in notranje napetosti,<\/li>\n<li>umiriti pretirano razmi\u0161ljanje in skrbi,<\/li>\n<li>spodbuditi ob\u010dutek varnosti, stabilnosti in notranjega miru,<\/li>\n<li>\n<p dir=\"auto\">pove\u010dati notranjo mo\u010d,<\/p>\n<\/li>\n<li>ustvariti trajno spremembo v na\u010dinu soo\u010danja s stresom.<\/li>\n<\/ul>\n<p>&nbsp;<\/p>\n<\/div>\n<\/div>\n<p dir=\"auto\">Vsak posnetek je strokovno zasnovan, skrbno pripravljen, posnet in obdelan z namenom, da vas vodi skozi transformacijski proces, kjer se va\u0161a notranja mo\u010d postopno krepi, medtem ko tesnoba in nemir izgubljata svojo mo\u010d nad vami.<\/p>\n<p dir=\"auto\">Ob nakupu prejmete takoj\u0161en dostop do vsebine, ki jo lahko poslu\u0161ate kjerkoli in kadarkoli \u2013 brez omejitev. Priporo\u010damo redno poslu\u0161anje, saj se z vsakim ponavljanjem u\u010dinki poglabljajo, kar vam omogo\u010da dolgoro\u010dno izbolj\u0161anje po\u010dutja in trajno spremembo.<\/p>\n<p dir=\"auto\">Naj bo ta hipnoza va\u0161 vsakodnevni podporni ritual, ki vas vodi k ve\u010dji spro\u0161\u010denosti, notranjemu ravnovesju in ob\u010dutku mo\u010di, da la\u017eje premagujete \u017eivljenjske izzive.<\/p>\n<p>&nbsp;<\/p>","protected":false},"excerpt":{"rendered":"<p>Hipnoza za zdravljenje anksioznosti, tesnobe in pove\u010danje notranje mo\u010di<\/p>\n<p>(28:55 min)<\/p>","protected":false},"featured_media":2750,"template":"","meta":[],"product_brand":[],"product_cat":[28],"product_tag":[],"class_list":{"0":"post-2581","1":"product","2":"type-product","3":"status-publish","4":"has-post-thumbnail","6":"product_cat-slovenske-hipnoze","8":"first","9":"instock","10":"virtual","11":"sold-individually","12":"purchasable","13":"product-type-simple"},"_links":{"self":[{"href":"https:\/\/harmonijauma.si\/en\/wp-json\/wp\/v2\/product\/2581","targetHints":{"allow":["GET"]}}],"collection":[{"href":"https:\/\/harmonijauma.si\/en\/wp-json\/wp\/v2\/product"}],"about":[{"href":"https:\/\/harmonijauma.si\/en\/wp-json\/wp\/v2\/types\/product"}],"wp:featuredmedia":[{"embeddable":true,"href":"https:\/\/harmonijauma.si\/en\/wp-json\/wp\/v2\/media\/2750"}],"wp:attachment":[{"href":"https:\/\/harmonijauma.si\/en\/wp-json\/wp\/v2\/media?parent=2581"}],"wp:term":[{"taxonomy":"product_brand","embeddable":true,"href":"https:\/\/harmonijauma.si\/en\/wp-json\/wp\/v2\/product_brand?post=2581"},{"taxonomy":"product_cat","embeddable":true,"href":"https:\/\/harmonijauma.si\/en\/wp-json\/wp\/v2\/product_cat?post=2581"},{"taxonomy":"product_tag","embeddable":true,"href":"https:\/\/harmonijauma.si\/en\/wp-json\/wp\/v2\/product_tag?post=2581"}],"curies":[{"name":"wp","href":"https:\/\/api.w.org\/{rel}","templated":true}]}}