{"id":2792,"date":"2025-04-25T21:15:25","date_gmt":"2025-04-25T21:15:25","guid":{"rendered":"https:\/\/harmonijauma.si\/?post_type=product&#038;p=2792"},"modified":"2025-09-10T22:36:56","modified_gmt":"2025-09-10T22:36:56","slug":"cards","status":"publish","type":"product","link":"https:\/\/harmonijauma.si\/en\/product\/cards\/","title":{"rendered":"30 motivacijskih kartic ISKRICE SRCA"},"content":{"rendered":"<p dir=\"auto\">30 cvetli\u010dnih motivacijskih misli za vsak dan, ki ogrejejo srce in du\u0161o.<\/p>\n<p dir=\"auto\">Vsak dan prina\u0161a novo prilo\u017enost, da se ustavite, zadihate in pove\u017eete s sabo.<\/p>\n<p dir=\"auto\">Kartice Iskrice srca (63&#215;88 mm) so ne\u017ena podpora za va\u0161 vsakdan \u2013 iskrene, navdihujo\u010de misli, pre\u017eete z barvitimi ilustracijami in toplino srca.<\/p>\n<p>Ustvarjene so z ljubeznijo, da vas opomnijo na va\u0161o notranjo mo\u010d, lepoto trenutka in svetlobo, ki jo nosite v sebi.<\/p>\n<p><img decoding=\"async\" class=\"alignnone wp-image-1229\" src=\"https:\/\/harmonijauma.si\/wp-content\/uploads\/2024\/09\/metulj-leti-harmonija-300x297.png\" alt=\"hipnoterapija harmonija\" width=\"35\" height=\"34\" srcset=\"https:\/\/harmonijauma.si\/wp-content\/uploads\/2024\/09\/metulj-leti-harmonija-300x297.png 300w, https:\/\/harmonijauma.si\/wp-content\/uploads\/2024\/09\/metulj-leti-harmonija-100x100.png 100w, https:\/\/harmonijauma.si\/wp-content\/uploads\/2024\/09\/metulj-leti-harmonija-150x150.png 150w, https:\/\/harmonijauma.si\/wp-content\/uploads\/2024\/09\/metulj-leti-harmonija.png 590w\" sizes=\"(max-width: 35px) 100vw, 35px\" \/> Avtorsko zasnovane in napisane v Sloveniji.<\/p>\n<p dir=\"auto\"><img decoding=\"async\" class=\"alignnone wp-image-1229\" src=\"https:\/\/harmonijauma.si\/wp-content\/uploads\/2024\/09\/metulj-leti-harmonija-300x297.png\" alt=\"hipnoterapija harmonija\" width=\"35\" height=\"34\" srcset=\"https:\/\/harmonijauma.si\/wp-content\/uploads\/2024\/09\/metulj-leti-harmonija-300x297.png 300w, https:\/\/harmonijauma.si\/wp-content\/uploads\/2024\/09\/metulj-leti-harmonija-100x100.png 100w, https:\/\/harmonijauma.si\/wp-content\/uploads\/2024\/09\/metulj-leti-harmonija-150x150.png 150w, https:\/\/harmonijauma.si\/wp-content\/uploads\/2024\/09\/metulj-leti-harmonija.png 590w\" sizes=\"(max-width: 35px) 100vw, 35px\" \/>\u00a0Barvito cvetli\u010dno oblikovanje na kakovostnem mat papirju.<\/p>\n<p dir=\"auto\"><img decoding=\"async\" class=\"alignnone wp-image-1229\" src=\"https:\/\/harmonijauma.si\/wp-content\/uploads\/2024\/09\/metulj-leti-harmonija-300x297.png\" alt=\"hipnoterapija harmonija\" width=\"35\" height=\"34\" srcset=\"https:\/\/harmonijauma.si\/wp-content\/uploads\/2024\/09\/metulj-leti-harmonija-300x297.png 300w, https:\/\/harmonijauma.si\/wp-content\/uploads\/2024\/09\/metulj-leti-harmonija-100x100.png 100w, https:\/\/harmonijauma.si\/wp-content\/uploads\/2024\/09\/metulj-leti-harmonija-150x150.png 150w, https:\/\/harmonijauma.si\/wp-content\/uploads\/2024\/09\/metulj-leti-harmonija.png 590w\" sizes=\"(max-width: 35px) 100vw, 35px\" \/> Idealno za osebno rabo, darilo ali jutranjo rutino.<\/p>\n<p dir=\"auto\"><img decoding=\"async\" class=\"alignnone wp-image-1229\" src=\"https:\/\/harmonijauma.si\/wp-content\/uploads\/2024\/09\/metulj-leti-harmonija-300x297.png\" alt=\"hipnoterapija harmonija\" width=\"35\" height=\"34\" srcset=\"https:\/\/harmonijauma.si\/wp-content\/uploads\/2024\/09\/metulj-leti-harmonija-300x297.png 300w, https:\/\/harmonijauma.si\/wp-content\/uploads\/2024\/09\/metulj-leti-harmonija-100x100.png 100w, https:\/\/harmonijauma.si\/wp-content\/uploads\/2024\/09\/metulj-leti-harmonija-150x150.png 150w, https:\/\/harmonijauma.si\/wp-content\/uploads\/2024\/09\/metulj-leti-harmonija.png 590w\" sizes=\"(max-width: 35px) 100vw, 35px\" \/>\u00a0Vsaka kartica je majhen opomnik, da si zaslu\u017eite ne\u017enost, mir in navdih.<\/p>\n<p dir=\"auto\"><img decoding=\"async\" class=\"alignnone wp-image-1229\" src=\"https:\/\/harmonijauma.si\/wp-content\/uploads\/2024\/09\/metulj-leti-harmonija-300x297.png\" alt=\"hipnoterapija harmonija\" width=\"35\" height=\"34\" srcset=\"https:\/\/harmonijauma.si\/wp-content\/uploads\/2024\/09\/metulj-leti-harmonija-300x297.png 300w, https:\/\/harmonijauma.si\/wp-content\/uploads\/2024\/09\/metulj-leti-harmonija-100x100.png 100w, https:\/\/harmonijauma.si\/wp-content\/uploads\/2024\/09\/metulj-leti-harmonija-150x150.png 150w, https:\/\/harmonijauma.si\/wp-content\/uploads\/2024\/09\/metulj-leti-harmonija.png 590w\" sizes=\"(max-width: 35px) 100vw, 35px\" \/>\u00a0Lahko jih nosite s sabo, uporabite kot afirmacijo, spodbudo ali meditacijo dneva.<\/p>\n<p>Naj Iskrice srca postanejo va\u0161 vsakdanji dotik svetlobe in topline.<\/p>","protected":false},"excerpt":{"rendered":"<p><strong>30 motivacijskih kartic ISKRICE SRCA<\/strong><\/p>","protected":false},"featured_media":3865,"template":"","meta":[],"product_brand":[],"product_cat":[24],"product_tag":[],"class_list":{"0":"post-2792","1":"product","2":"type-product","3":"status-publish","4":"has-post-thumbnail","6":"product_cat-izdelki","8":"first","9":"instock","10":"shipping-taxable","11":"purchasable","12":"product-type-simple"},"_links":{"self":[{"href":"https:\/\/harmonijauma.si\/en\/wp-json\/wp\/v2\/product\/2792","targetHints":{"allow":["GET"]}}],"collection":[{"href":"https:\/\/harmonijauma.si\/en\/wp-json\/wp\/v2\/product"}],"about":[{"href":"https:\/\/harmonijauma.si\/en\/wp-json\/wp\/v2\/types\/product"}],"wp:featuredmedia":[{"embeddable":true,"href":"https:\/\/harmonijauma.si\/en\/wp-json\/wp\/v2\/media\/3865"}],"wp:attachment":[{"href":"https:\/\/harmonijauma.si\/en\/wp-json\/wp\/v2\/media?parent=2792"}],"wp:term":[{"taxonomy":"product_brand","embeddable":true,"href":"https:\/\/harmonijauma.si\/en\/wp-json\/wp\/v2\/product_brand?post=2792"},{"taxonomy":"product_cat","embeddable":true,"href":"https:\/\/harmonijauma.si\/en\/wp-json\/wp\/v2\/product_cat?post=2792"},{"taxonomy":"product_tag","embeddable":true,"href":"https:\/\/harmonijauma.si\/en\/wp-json\/wp\/v2\/product_tag?post=2792"}],"curies":[{"name":"wp","href":"https:\/\/api.w.org\/{rel}","templated":true}]}}