{"id":2806,"date":"2025-04-28T17:13:18","date_gmt":"2025-04-28T17:13:18","guid":{"rendered":"https:\/\/harmonijauma.si\/?post_type=product&#038;p=2806"},"modified":"2025-10-06T19:10:29","modified_gmt":"2025-10-06T19:10:29","slug":"dream-interpretation","status":"publish","type":"product","link":"https:\/\/harmonijauma.si\/en\/product\/dream-interpretation\/","title":{"rendered":"Dream interpretation"},"content":{"rendered":"<div>\n<div>\n<p dir=\"auto\">Razlaga sanj \u2013 odkrijte sporo\u010dilo va\u0161e podzavesti<\/p>\n<p dir=\"auto\">Ste se kdaj zbudili iz sanj z ob\u010dutkom, da vam sanje \u017eelijo nekaj pomembnega povedati? Sanje so osebna sporo\u010dila va\u0161e podzavesti \u2013 vodijo vas, razkrivajo skrite resnice in prina\u0161ajo odgovore, ki jih i\u0161\u010dete v vsakdanjem \u017eivljenju.<\/p>\n<p>Z naro\u010dilom razlage sanj boste prejeli:<\/p>\n<p><img decoding=\"async\" class=\"alignnone  wp-image-1229\" src=\"https:\/\/harmonijauma.si\/wp-content\/uploads\/2024\/09\/metulj-leti-harmonija-300x297.png\" alt=\"hipnoterapija harmonija\" width=\"34\" height=\"34\" srcset=\"https:\/\/harmonijauma.si\/wp-content\/uploads\/2024\/09\/metulj-leti-harmonija-300x297.png 300w, https:\/\/harmonijauma.si\/wp-content\/uploads\/2024\/09\/metulj-leti-harmonija-100x100.png 100w, https:\/\/harmonijauma.si\/wp-content\/uploads\/2024\/09\/metulj-leti-harmonija-150x150.png 150w, https:\/\/harmonijauma.si\/wp-content\/uploads\/2024\/09\/metulj-leti-harmonija.png 590w\" sizes=\"(max-width: 34px) 100vw, 34px\" \/>\u00a0osebno interpretacijo va\u0161ih sanj, pripravljeno samo za vas,<\/p>\n<p dir=\"auto\"><img decoding=\"async\" class=\"alignnone  wp-image-1229\" src=\"https:\/\/harmonijauma.si\/wp-content\/uploads\/2024\/09\/metulj-leti-harmonija-300x297.png\" alt=\"hipnoterapija harmonija\" width=\"34\" height=\"34\" srcset=\"https:\/\/harmonijauma.si\/wp-content\/uploads\/2024\/09\/metulj-leti-harmonija-300x297.png 300w, https:\/\/harmonijauma.si\/wp-content\/uploads\/2024\/09\/metulj-leti-harmonija-100x100.png 100w, https:\/\/harmonijauma.si\/wp-content\/uploads\/2024\/09\/metulj-leti-harmonija-150x150.png 150w, https:\/\/harmonijauma.si\/wp-content\/uploads\/2024\/09\/metulj-leti-harmonija.png 590w\" sizes=\"(max-width: 34px) 100vw, 34px\" \/> vpogled v globlja sporo\u010dila in simbole, ki jih nosijo va\u0161e sanje,<\/p>\n<p><img decoding=\"async\" class=\"alignnone  wp-image-1229\" src=\"https:\/\/harmonijauma.si\/wp-content\/uploads\/2024\/09\/metulj-leti-harmonija-300x297.png\" alt=\"hipnoterapija harmonija\" width=\"34\" height=\"34\" srcset=\"https:\/\/harmonijauma.si\/wp-content\/uploads\/2024\/09\/metulj-leti-harmonija-300x297.png 300w, https:\/\/harmonijauma.si\/wp-content\/uploads\/2024\/09\/metulj-leti-harmonija-100x100.png 100w, https:\/\/harmonijauma.si\/wp-content\/uploads\/2024\/09\/metulj-leti-harmonija-150x150.png 150w, https:\/\/harmonijauma.si\/wp-content\/uploads\/2024\/09\/metulj-leti-harmonija.png 590w\" sizes=\"(max-width: 34px) 100vw, 34px\" \/>\u00a0smernice za osebno rast in ve\u010djo jasnost v \u017eivljenju.<\/p>\n<p>&nbsp;<\/p>\n<p>Zakaj izbrati na\u0161o razlago sanj?<\/p>\n<p dir=\"auto\"><img decoding=\"async\" class=\"alignnone  wp-image-1229\" src=\"https:\/\/harmonijauma.si\/wp-content\/uploads\/2024\/09\/metulj-leti-harmonija-300x297.png\" alt=\"hipnoterapija harmonija\" width=\"34\" height=\"34\" srcset=\"https:\/\/harmonijauma.si\/wp-content\/uploads\/2024\/09\/metulj-leti-harmonija-300x297.png 300w, https:\/\/harmonijauma.si\/wp-content\/uploads\/2024\/09\/metulj-leti-harmonija-100x100.png 100w, https:\/\/harmonijauma.si\/wp-content\/uploads\/2024\/09\/metulj-leti-harmonija-150x150.png 150w, https:\/\/harmonijauma.si\/wp-content\/uploads\/2024\/09\/metulj-leti-harmonija.png 590w\" sizes=\"(max-width: 34px) 100vw, 34px\" \/> Prejeli boste hiter in oseben odgovor, pripravljen posebej za vas.<\/p>\n<p><img decoding=\"async\" class=\"alignnone  wp-image-1229\" src=\"https:\/\/harmonijauma.si\/wp-content\/uploads\/2024\/09\/metulj-leti-harmonija-300x297.png\" alt=\"hipnoterapija harmonija\" width=\"34\" height=\"34\" srcset=\"https:\/\/harmonijauma.si\/wp-content\/uploads\/2024\/09\/metulj-leti-harmonija-300x297.png 300w, https:\/\/harmonijauma.si\/wp-content\/uploads\/2024\/09\/metulj-leti-harmonija-100x100.png 100w, https:\/\/harmonijauma.si\/wp-content\/uploads\/2024\/09\/metulj-leti-harmonija-150x150.png 150w, https:\/\/harmonijauma.si\/wp-content\/uploads\/2024\/09\/metulj-leti-harmonija.png 590w\" sizes=\"(max-width: 34px) 100vw, 34px\" \/> Razlaga je napisana tako, da jo lahko uporabite kot prakti\u010den vodnik pri \u017eivljenjskih odlo\u010ditvah.<\/p>\n<p><img decoding=\"async\" class=\"alignnone  wp-image-1229\" src=\"https:\/\/harmonijauma.si\/wp-content\/uploads\/2024\/09\/metulj-leti-harmonija-300x297.png\" alt=\"hipnoterapija harmonija\" width=\"34\" height=\"34\" srcset=\"https:\/\/harmonijauma.si\/wp-content\/uploads\/2024\/09\/metulj-leti-harmonija-300x297.png 300w, https:\/\/harmonijauma.si\/wp-content\/uploads\/2024\/09\/metulj-leti-harmonija-100x100.png 100w, https:\/\/harmonijauma.si\/wp-content\/uploads\/2024\/09\/metulj-leti-harmonija-150x150.png 150w, https:\/\/harmonijauma.si\/wp-content\/uploads\/2024\/09\/metulj-leti-harmonija.png 590w\" sizes=\"(max-width: 34px) 100vw, 34px\" \/>\u00a0Cena je simboli\u010dna \u2013 samo 22 \u20ac \u2013 a vrednost vpogleda, ki ga boste prejeli, je neprecenljiva.<\/p>\n<p>&nbsp;<\/p>\n<p dir=\"auto\">Va\u0161e sanje niso naklju\u010dne. So zemljevid va\u0161e podzavesti in klju\u010d do bolj\u0161ega razumevanja samega sebe. Naro\u010dite svojo razlago \u0161e danes in odkrijte, kaj vam \u017eelijo sanje povedati!<\/p>\n<div class=\"yj6qo\"><\/div>\n<div class=\"adL\"><\/div>\n<\/div>\n<div class=\"adL\"><\/div>\n<\/div>\n<p>&nbsp;<\/p>","protected":false},"excerpt":{"rendered":"<p>Dream interpretation<\/p>\n<p>&nbsp;<\/p>","protected":false},"featured_media":2902,"template":"","meta":[],"product_brand":[],"product_cat":[29],"product_tag":[],"class_list":{"0":"post-2806","1":"product","2":"type-product","3":"status-publish","4":"has-post-thumbnail","6":"product_cat-razlaga-sanj","8":"first","9":"instock","10":"virtual","11":"sold-individually","12":"purchasable","13":"product-type-simple"},"_links":{"self":[{"href":"https:\/\/harmonijauma.si\/en\/wp-json\/wp\/v2\/product\/2806","targetHints":{"allow":["GET"]}}],"collection":[{"href":"https:\/\/harmonijauma.si\/en\/wp-json\/wp\/v2\/product"}],"about":[{"href":"https:\/\/harmonijauma.si\/en\/wp-json\/wp\/v2\/types\/product"}],"wp:featuredmedia":[{"embeddable":true,"href":"https:\/\/harmonijauma.si\/en\/wp-json\/wp\/v2\/media\/2902"}],"wp:attachment":[{"href":"https:\/\/harmonijauma.si\/en\/wp-json\/wp\/v2\/media?parent=2806"}],"wp:term":[{"taxonomy":"product_brand","embeddable":true,"href":"https:\/\/harmonijauma.si\/en\/wp-json\/wp\/v2\/product_brand?post=2806"},{"taxonomy":"product_cat","embeddable":true,"href":"https:\/\/harmonijauma.si\/en\/wp-json\/wp\/v2\/product_cat?post=2806"},{"taxonomy":"product_tag","embeddable":true,"href":"https:\/\/harmonijauma.si\/en\/wp-json\/wp\/v2\/product_tag?post=2806"}],"curies":[{"name":"wp","href":"https:\/\/api.w.org\/{rel}","templated":true}]}}