{"id":2807,"date":"2025-04-28T17:13:50","date_gmt":"2025-04-28T17:13:50","guid":{"rendered":"https:\/\/harmonijauma.si\/?post_type=product&#038;p=2807"},"modified":"2025-10-02T21:49:31","modified_gmt":"2025-10-02T21:49:31","slug":"numerology-calculation","status":"publish","type":"product","link":"https:\/\/harmonijauma.si\/en\/product\/numerology-calculation\/","title":{"rendered":"Numerology Calculation"},"content":{"rendered":"<p>Numerolo\u0161ki izra\u010dun \u2013 osebni vpogled v va\u0161e \u017eivljenje<\/p>\n<p dir=\"auto\">Numerologija je starodavna veda, ki preu\u010duje simboliko \u0161tevil in njihov vpliv na na\u0161e \u017eivljenje. Vsaka \u0161tevilka nosi svojo vibracijo in energijo, ki razkriva pomembne informacije o va\u0161i osebnosti, talentih, \u017eivljenjski poti in izzivih.<\/p>\n<p dir=\"auto\">Z osebnim numerolo\u0161kim izra\u010dunom boste prejeli celovit vpogled v razli\u010dne aspekte svojega \u017eivljenja. Izra\u010dun vam pomaga bolje razumeti sebe, prepoznati svoje potenciale ter odkriti, kako najbolje izkoristiti prilo\u017enosti, ki vam jih prina\u0161a \u017eivljenje.<\/p>\n<p dir=\"auto\">Numerolo\u0161ki izra\u010dun vklju\u010duje:<\/p>\n<p><img decoding=\"async\" class=\"an1\" draggable=\"false\" src=\"https:\/\/fonts.gstatic.com\/s\/e\/notoemoji\/16.0\/1f539\/32.png\" alt=\"\ud83d\udd39\" data-emoji=\"\ud83d\udd39\" aria-label=\"\ud83d\udd39\" \/>\u00a0\u0160tevilo \u017eivljenjske poti \u2013 razkriva va\u0161e glavne zna\u010dilnosti, talente in \u017eivljenjsko poslanstvo.<\/p>\n<p><img decoding=\"async\" class=\"an1\" draggable=\"false\" src=\"https:\/\/fonts.gstatic.com\/s\/e\/notoemoji\/16.0\/1f539\/32.png\" alt=\"\ud83d\udd39\" data-emoji=\"\ud83d\udd39\" aria-label=\"\ud83d\udd39\" \/>\u00a0Du\u0161na \u0161tevilka \u2013 poka\u017ee va\u0161e notranje \u017eelje, \u010dustva in tisto, kar vas resni\u010dno osre\u010duje.<\/p>\n<p><img decoding=\"async\" class=\"an1\" draggable=\"false\" src=\"https:\/\/fonts.gstatic.com\/s\/e\/notoemoji\/16.0\/1f539\/32.png\" alt=\"\ud83d\udd39\" data-emoji=\"\ud83d\udd39\" aria-label=\"\ud83d\udd39\" \/>\u00a0Osebnostna \u0161tevilka \u2013 odkriva, kako vas vidijo drugi in kak\u0161en vtis pu\u0161\u010date na okolico.<\/p>\n<p><img decoding=\"async\" class=\"an1\" draggable=\"false\" src=\"https:\/\/fonts.gstatic.com\/s\/e\/notoemoji\/16.0\/1f539\/32.png\" alt=\"\ud83d\udd39\" data-emoji=\"\ud83d\udd39\" aria-label=\"\ud83d\udd39\" \/>\u00a0\u0160tevilka usode \u2013 razkriva va\u0161 dolgoro\u010dni \u017eivljenjski namen in cilje.<\/p>\n<p><img decoding=\"async\" class=\"an1\" draggable=\"false\" src=\"https:\/\/fonts.gstatic.com\/s\/e\/notoemoji\/16.0\/1f539\/32.png\" alt=\"\ud83d\udd39\" data-emoji=\"\ud83d\udd39\" aria-label=\"\ud83d\udd39\" \/>\u00a0\u0160tevilka rojstnega dne \u2013 razkriva darove in talente, ki so vam dani \u017ee ob rojstvu.<\/p>\n<p><img decoding=\"async\" class=\"an1\" draggable=\"false\" src=\"https:\/\/fonts.gstatic.com\/s\/e\/notoemoji\/16.0\/1f539\/32.png\" alt=\"\ud83d\udd39\" data-emoji=\"\ud83d\udd39\" aria-label=\"\ud83d\udd39\" \/>\u00a0Osebno leto \u2013 napoveduje energije in prilo\u017enosti teko\u010dega leta ter vam pomaga na\u010drtovati prihodnost.<\/p>\n<p>&nbsp;<\/p>\n<p>Zakaj izbrati numerolo\u0161ki izra\u010dun?<\/p>\n<p><img decoding=\"async\" class=\"an1\" draggable=\"false\" src=\"https:\/\/fonts.gstatic.com\/s\/e\/notoemoji\/16.0\/2728\/32.png\" alt=\"\u2728\" data-emoji=\"\u2728\" aria-label=\"\u2728\" \/>\u00a0Prejeli boste jasnej\u0161i vpogled v svoje \u017eivljenje,<\/p>\n<p><img decoding=\"async\" class=\"an1\" draggable=\"false\" src=\"https:\/\/fonts.gstatic.com\/s\/e\/notoemoji\/16.0\/2728\/32.png\" alt=\"\u2728\" data-emoji=\"\u2728\" aria-label=\"\u2728\" \/>\u00a0la\u017eje boste razumeli svoje odnose in notranje potrebe,<\/p>\n<p><img decoding=\"async\" class=\"an1\" draggable=\"false\" src=\"https:\/\/fonts.gstatic.com\/s\/e\/notoemoji\/16.0\/2728\/32.png\" alt=\"\u2728\" data-emoji=\"\u2728\" aria-label=\"\u2728\" \/>\u00a0odkrili boste svoje talente, potenciale in poslanstvo,<\/p>\n<p><img decoding=\"async\" class=\"an1\" draggable=\"false\" src=\"https:\/\/fonts.gstatic.com\/s\/e\/notoemoji\/16.0\/2728\/32.png\" alt=\"\u2728\" data-emoji=\"\u2728\" aria-label=\"\u2728\" \/>\u00a0pripravili se boste na izzive in prilo\u017enosti prihodnosti,<\/p>\n<p><img decoding=\"async\" class=\"an1\" draggable=\"false\" src=\"https:\/\/fonts.gstatic.com\/s\/e\/notoemoji\/16.0\/2728\/32.png\" alt=\"\u2728\" data-emoji=\"\u2728\" aria-label=\"\u2728\" \/>\u00a0\u017eiveli boste bolj zavestno in skladno s sabo.<\/p>\n<p>&nbsp;<\/p>\n<p dir=\"auto\">Naro\u010dite osebno pripravljen numerolo\u0161ki izra\u010dun v pisni obliki, ki ga lahko vedno znova preberete in uporabite kot vodnik na poti osebne rasti.<\/p>\n<p dir=\"auto\">","protected":false},"excerpt":{"rendered":"<p>Numerology Calculation<\/p>\n<p>&nbsp;<\/p>","protected":false},"featured_media":730,"template":"","meta":[],"product_brand":[],"product_cat":[30],"product_tag":[],"class_list":{"0":"post-2807","1":"product","2":"type-product","3":"status-publish","4":"has-post-thumbnail","6":"product_cat-numeroloski-izracun","8":"first","9":"instock","10":"virtual","11":"sold-individually","12":"purchasable","13":"product-type-simple"},"_links":{"self":[{"href":"https:\/\/harmonijauma.si\/en\/wp-json\/wp\/v2\/product\/2807","targetHints":{"allow":["GET"]}}],"collection":[{"href":"https:\/\/harmonijauma.si\/en\/wp-json\/wp\/v2\/product"}],"about":[{"href":"https:\/\/harmonijauma.si\/en\/wp-json\/wp\/v2\/types\/product"}],"wp:featuredmedia":[{"embeddable":true,"href":"https:\/\/harmonijauma.si\/en\/wp-json\/wp\/v2\/media\/730"}],"wp:attachment":[{"href":"https:\/\/harmonijauma.si\/en\/wp-json\/wp\/v2\/media?parent=2807"}],"wp:term":[{"taxonomy":"product_brand","embeddable":true,"href":"https:\/\/harmonijauma.si\/en\/wp-json\/wp\/v2\/product_brand?post=2807"},{"taxonomy":"product_cat","embeddable":true,"href":"https:\/\/harmonijauma.si\/en\/wp-json\/wp\/v2\/product_cat?post=2807"},{"taxonomy":"product_tag","embeddable":true,"href":"https:\/\/harmonijauma.si\/en\/wp-json\/wp\/v2\/product_tag?post=2807"}],"curies":[{"name":"wp","href":"https:\/\/api.w.org\/{rel}","templated":true}]}}