{"id":2918,"date":"2025-05-03T00:12:06","date_gmt":"2025-05-03T00:12:06","guid":{"rendered":"https:\/\/harmonijauma.si\/?post_type=product&#038;p=2918"},"modified":"2025-10-06T17:26:17","modified_gmt":"2025-10-06T17:26:17","slug":"holy-wood-palo-santo-set-4-inch","status":"publish","type":"product","link":"https:\/\/harmonijauma.si\/en\/product\/holy-wood-palo-santo-set-4-inch\/","title":{"rendered":"SVETI LES (Palo Santo) \u2013 set 4 pal\u010dk"},"content":{"rendered":"<p>Palo Santo, the \u201csacred wood\u201d from South America, has been used for centuries for energy cleansing, protection and connecting with higher vibrations. When lit, it releases a sacred smoke with a warm, gently sweet aroma that opens space for inner peace, intuition and spiritual clarity. Use it in your rituals, meditations or whenever you wish to clear heavy energies and reconnect with yourself. The set includes 4 sticks, approximately 10 cm in length \u2013 a natural gift of light for your soul.<\/p>\n<p>&nbsp;<\/p>","protected":false},"excerpt":{"rendered":"<p><strong>SVETI LES (Palo Santo) \u2013 set 4 pal\u010dk<\/strong><\/p>\n<p>Sveti dim za energijsko \u010di\u0161\u010denje, za\u0161\u010dito in duhovno prebujenje. O\u010disti energijo, povabi mir.<\/p>","protected":false},"featured_media":3923,"template":"","meta":[],"product_brand":[],"product_cat":[24],"product_tag":[],"class_list":{"0":"post-2918","1":"product","2":"type-product","3":"status-publish","4":"has-post-thumbnail","6":"product_cat-izdelki","8":"first","9":"instock","10":"shipping-taxable","11":"purchasable","12":"product-type-simple"},"_links":{"self":[{"href":"https:\/\/harmonijauma.si\/en\/wp-json\/wp\/v2\/product\/2918","targetHints":{"allow":["GET"]}}],"collection":[{"href":"https:\/\/harmonijauma.si\/en\/wp-json\/wp\/v2\/product"}],"about":[{"href":"https:\/\/harmonijauma.si\/en\/wp-json\/wp\/v2\/types\/product"}],"wp:featuredmedia":[{"embeddable":true,"href":"https:\/\/harmonijauma.si\/en\/wp-json\/wp\/v2\/media\/3923"}],"wp:attachment":[{"href":"https:\/\/harmonijauma.si\/en\/wp-json\/wp\/v2\/media?parent=2918"}],"wp:term":[{"taxonomy":"product_brand","embeddable":true,"href":"https:\/\/harmonijauma.si\/en\/wp-json\/wp\/v2\/product_brand?post=2918"},{"taxonomy":"product_cat","embeddable":true,"href":"https:\/\/harmonijauma.si\/en\/wp-json\/wp\/v2\/product_cat?post=2918"},{"taxonomy":"product_tag","embeddable":true,"href":"https:\/\/harmonijauma.si\/en\/wp-json\/wp\/v2\/product_tag?post=2918"}],"curies":[{"name":"wp","href":"https:\/\/api.w.org\/{rel}","templated":true}]}}