{"id":3870,"date":"2025-06-09T20:17:58","date_gmt":"2025-06-09T20:17:58","guid":{"rendered":"https:\/\/harmonijauma.si\/?post_type=product&#038;p=3870"},"modified":"2025-10-10T18:05:42","modified_gmt":"2025-10-10T18:05:42","slug":"konjac-sponge-for-facial-care","status":"publish","type":"product","link":"https:\/\/harmonijauma.si\/en\/product\/konjac-sponge-for-facial-care\/","title":{"rendered":"KONJAC GOBICA ZA NEGO OBRAZA"},"content":{"rendered":"<p dir=\"auto\">Naravna nega obraza po japonski tradiciji.<\/p>\n<p dir=\"auto\">Odkrijte mo\u010d narave z ro\u010dno izdelano Konjac gobico, narejeno iz 100\u202f% naravnih rastlinskih vlaken konjaka.<\/p>\n<p>&nbsp;<\/p>\n<div>\n<div>\n<p dir=\"auto\">Gobica ne\u017eno o\u010disti obraz, odstrani odmrle celice in osve\u017ei ko\u017eo \u2013 brez dra\u017eenja ali izsu\u0161evanja. Primerna je za vse tipe ko\u017ee, tudi za ob\u010dutljivo in\u00a0problemati\u010dno ko\u017eo.<\/p>\n<\/div>\n<\/div>\n<p>&nbsp;<\/p>\n<p dir=\"auto\"><img decoding=\"async\" class=\"alignnone wp-image-1229\" src=\"https:\/\/harmonijauma.si\/wp-content\/uploads\/2024\/09\/metulj-leti-harmonija-300x297.png\" alt=\"hipnoterapija harmonija\" width=\"35\" height=\"34\" srcset=\"https:\/\/harmonijauma.si\/wp-content\/uploads\/2024\/09\/metulj-leti-harmonija-300x297.png 300w, https:\/\/harmonijauma.si\/wp-content\/uploads\/2024\/09\/metulj-leti-harmonija-100x100.png 100w, https:\/\/harmonijauma.si\/wp-content\/uploads\/2024\/09\/metulj-leti-harmonija-150x150.png 150w, https:\/\/harmonijauma.si\/wp-content\/uploads\/2024\/09\/metulj-leti-harmonija.png 590w\" sizes=\"(max-width: 35px) 100vw, 35px\" \/>\u00a0100\u202f% naravna in biorazgradljiva.<\/p>\n<p dir=\"auto\"><img decoding=\"async\" class=\"alignnone wp-image-1229\" src=\"https:\/\/harmonijauma.si\/wp-content\/uploads\/2024\/09\/metulj-leti-harmonija-300x297.png\" alt=\"hipnoterapija harmonija\" width=\"35\" height=\"34\" srcset=\"https:\/\/harmonijauma.si\/wp-content\/uploads\/2024\/09\/metulj-leti-harmonija-300x297.png 300w, https:\/\/harmonijauma.si\/wp-content\/uploads\/2024\/09\/metulj-leti-harmonija-100x100.png 100w, https:\/\/harmonijauma.si\/wp-content\/uploads\/2024\/09\/metulj-leti-harmonija-150x150.png 150w, https:\/\/harmonijauma.si\/wp-content\/uploads\/2024\/09\/metulj-leti-harmonija.png 590w\" sizes=\"(max-width: 35px) 100vw, 35px\" \/>\u00a0Ro\u010dno izdelana iz rastlinskih vlaken konjaka.<\/p>\n<p dir=\"auto\"><img decoding=\"async\" class=\"alignnone wp-image-1229\" src=\"https:\/\/harmonijauma.si\/wp-content\/uploads\/2024\/09\/metulj-leti-harmonija-300x297.png\" alt=\"hipnoterapija harmonija\" width=\"35\" height=\"34\" srcset=\"https:\/\/harmonijauma.si\/wp-content\/uploads\/2024\/09\/metulj-leti-harmonija-300x297.png 300w, https:\/\/harmonijauma.si\/wp-content\/uploads\/2024\/09\/metulj-leti-harmonija-100x100.png 100w, https:\/\/harmonijauma.si\/wp-content\/uploads\/2024\/09\/metulj-leti-harmonija-150x150.png 150w, https:\/\/harmonijauma.si\/wp-content\/uploads\/2024\/09\/metulj-leti-harmonija.png 590w\" sizes=\"(max-width: 35px) 100vw, 35px\" \/>\u00a0Japonska skrivnost za \u010disto, mehko in sijo\u010do ko\u017eo.<\/p>\n<p dir=\"auto\"><img decoding=\"async\" class=\"alignnone wp-image-1229\" src=\"https:\/\/harmonijauma.si\/wp-content\/uploads\/2024\/09\/metulj-leti-harmonija-300x297.png\" alt=\"hipnoterapija harmonija\" width=\"35\" height=\"34\" srcset=\"https:\/\/harmonijauma.si\/wp-content\/uploads\/2024\/09\/metulj-leti-harmonija-300x297.png 300w, https:\/\/harmonijauma.si\/wp-content\/uploads\/2024\/09\/metulj-leti-harmonija-100x100.png 100w, https:\/\/harmonijauma.si\/wp-content\/uploads\/2024\/09\/metulj-leti-harmonija-150x150.png 150w, https:\/\/harmonijauma.si\/wp-content\/uploads\/2024\/09\/metulj-leti-harmonija.png 590w\" sizes=\"(max-width: 35px) 100vw, 35px\" \/>\u00a0Brez dodanih kemikalij, primerna za vse tipe ko\u017ee.<\/p>\n<p dir=\"auto\"><img decoding=\"async\" class=\"alignnone wp-image-1229\" src=\"https:\/\/harmonijauma.si\/wp-content\/uploads\/2024\/09\/metulj-leti-harmonija-300x297.png\" alt=\"hipnoterapija harmonija\" width=\"35\" height=\"34\" srcset=\"https:\/\/harmonijauma.si\/wp-content\/uploads\/2024\/09\/metulj-leti-harmonija-300x297.png 300w, https:\/\/harmonijauma.si\/wp-content\/uploads\/2024\/09\/metulj-leti-harmonija-100x100.png 100w, https:\/\/harmonijauma.si\/wp-content\/uploads\/2024\/09\/metulj-leti-harmonija-150x150.png 150w, https:\/\/harmonijauma.si\/wp-content\/uploads\/2024\/09\/metulj-leti-harmonija.png 590w\" sizes=\"(max-width: 35px) 100vw, 35px\" \/>\u00a0Lahko se uporablja samostojno ali z va\u0161im najljub\u0161im \u010distilnim gelom.<\/p>\n<div dir=\"auto\"><img decoding=\"async\" class=\"alignnone wp-image-1229\" src=\"https:\/\/harmonijauma.si\/wp-content\/uploads\/2024\/09\/metulj-leti-harmonija-300x297.png\" alt=\"hipnoterapija harmonija\" width=\"35\" height=\"34\" srcset=\"https:\/\/harmonijauma.si\/wp-content\/uploads\/2024\/09\/metulj-leti-harmonija-300x297.png 300w, https:\/\/harmonijauma.si\/wp-content\/uploads\/2024\/09\/metulj-leti-harmonija-100x100.png 100w, https:\/\/harmonijauma.si\/wp-content\/uploads\/2024\/09\/metulj-leti-harmonija-150x150.png 150w, https:\/\/harmonijauma.si\/wp-content\/uploads\/2024\/09\/metulj-leti-harmonija.png 590w\" sizes=\"(max-width: 35px) 100vw, 35px\" \/>\u00a0Po uporabi bo va\u0161a ko\u017ea mehka, osve\u017eena in pripravljena na nadaljnjo nego.<\/div>\n<div dir=\"auto\"><img decoding=\"async\" class=\"alignnone wp-image-1229\" src=\"https:\/\/harmonijauma.si\/wp-content\/uploads\/2024\/09\/metulj-leti-harmonija-300x297.png\" alt=\"hipnoterapija harmonija\" width=\"35\" height=\"34\" srcset=\"https:\/\/harmonijauma.si\/wp-content\/uploads\/2024\/09\/metulj-leti-harmonija-300x297.png 300w, https:\/\/harmonijauma.si\/wp-content\/uploads\/2024\/09\/metulj-leti-harmonija-100x100.png 100w, https:\/\/harmonijauma.si\/wp-content\/uploads\/2024\/09\/metulj-leti-harmonija-150x150.png 150w, https:\/\/harmonijauma.si\/wp-content\/uploads\/2024\/09\/metulj-leti-harmonija.png 590w\" sizes=\"(max-width: 35px) 100vw, 35px\" \/>\u00a0Idealna za vsakodnevno uporabo \u2013 zjutraj in zve\u010der.<\/div>\n<p>&nbsp;<\/p>\n<p>Uporaba:<\/p>\n<p dir=\"auto\">Pred uporabo gobico namo\u010dite v toplo vodo, da se zmeh\u010da.\u00a0Ko\u017eo ne\u017eno o\u010distite s kro\u017enimi gibi. Gobico lahko\u00a0uporabljate samostojno ali z va\u0161im najljub\u0161im \u010distilnim sredstvom.\u00a0Po uporabi gobico dobro sperite in obesite, da se posu\u0161i.<\/p>\n<div dir=\"auto\">Menjava gobice je priporo\u010dena na 6-8 tednov.\u00a0Izdelek je namenjen zunanji uporabi.<\/div>\n<p>&nbsp;<\/p>\n<div>\n<p dir=\"auto\">Konjac gobica je odli\u010dna izbira za vse, ki si \u017eelite naravne, preproste in u\u010dinkovite nege.<\/p>\n<\/div>","protected":false},"excerpt":{"rendered":"<p><strong>KONJAC GOBICA ZA NEGO OBRAZA<\/strong><\/p>\n<p>Naravna nega obraza po japonski tradiciji.<\/p>\n<p>Odkrijte mo\u010d narave z ro\u010dno izdelano Konjac gobico, narejeno iz 100\u202f% naravnih rastlinskih vlaken konjaka.<\/p>","protected":false},"featured_media":3872,"template":"","meta":[],"product_brand":[],"product_cat":[24],"product_tag":[],"class_list":{"0":"post-3870","1":"product","2":"type-product","3":"status-publish","4":"has-post-thumbnail","6":"product_cat-izdelki","8":"first","9":"instock","10":"shipping-taxable","11":"purchasable","12":"product-type-simple"},"_links":{"self":[{"href":"https:\/\/harmonijauma.si\/en\/wp-json\/wp\/v2\/product\/3870","targetHints":{"allow":["GET"]}}],"collection":[{"href":"https:\/\/harmonijauma.si\/en\/wp-json\/wp\/v2\/product"}],"about":[{"href":"https:\/\/harmonijauma.si\/en\/wp-json\/wp\/v2\/types\/product"}],"wp:featuredmedia":[{"embeddable":true,"href":"https:\/\/harmonijauma.si\/en\/wp-json\/wp\/v2\/media\/3872"}],"wp:attachment":[{"href":"https:\/\/harmonijauma.si\/en\/wp-json\/wp\/v2\/media?parent=3870"}],"wp:term":[{"taxonomy":"product_brand","embeddable":true,"href":"https:\/\/harmonijauma.si\/en\/wp-json\/wp\/v2\/product_brand?post=3870"},{"taxonomy":"product_cat","embeddable":true,"href":"https:\/\/harmonijauma.si\/en\/wp-json\/wp\/v2\/product_cat?post=3870"},{"taxonomy":"product_tag","embeddable":true,"href":"https:\/\/harmonijauma.si\/en\/wp-json\/wp\/v2\/product_tag?post=3870"}],"curies":[{"name":"wp","href":"https:\/\/api.w.org\/{rel}","templated":true}]}}