{"id":3876,"date":"2025-06-09T23:48:19","date_gmt":"2025-06-09T23:48:19","guid":{"rendered":"https:\/\/harmonijauma.si\/?post_type=product&#038;p=3876"},"modified":"2025-10-10T18:02:01","modified_gmt":"2025-10-10T18:02:01","slug":"zajbljevo-kadilo","status":"publish","type":"product","link":"https:\/\/harmonijauma.si\/en\/product\/zajbljevo-kadilo\/","title":{"rendered":"\u017dAJBLJEVO KADILO"},"content":{"rendered":"<p>\u010ci\u0161\u010denje prostora \u2013 obred miru in jasnosti.<\/p>\n<p>&nbsp;<\/p>\n<div>\n<div>\n<p dir=\"auto\">Belo \u017eajbljevo kadilo (smudge stick) je tradicionalno naravno kadilo, ki se \u017ee stoletja uporablja za energijsko \u010di\u0161\u010denje, sprostitev in ustvarjanje svetega prostora.<\/p>\n<p dir=\"auto\">Ob pri\u017eigu se spro\u0161\u010da prijeten zeli\u0161\u010dni dim, ki pomaga odstraniti stagnacijo, negativno energijo in povabi sve\u017eino v va\u0161 dom ali notranji prostor.<\/p>\n<p dir=\"auto\"><img decoding=\"async\" class=\"alignnone wp-image-1229\" src=\"https:\/\/harmonijauma.si\/wp-content\/uploads\/2024\/09\/metulj-leti-harmonija-300x297.png\" alt=\"hipnoterapija harmonija\" width=\"35\" height=\"34\" srcset=\"https:\/\/harmonijauma.si\/wp-content\/uploads\/2024\/09\/metulj-leti-harmonija-300x297.png 300w, https:\/\/harmonijauma.si\/wp-content\/uploads\/2024\/09\/metulj-leti-harmonija-100x100.png 100w, https:\/\/harmonijauma.si\/wp-content\/uploads\/2024\/09\/metulj-leti-harmonija-150x150.png 150w, https:\/\/harmonijauma.si\/wp-content\/uploads\/2024\/09\/metulj-leti-harmonija.png 590w\" sizes=\"(max-width: 35px) 100vw, 35px\" \/>\u00a0100\u202f% naraven in ro\u010dno vezan beli \u017eajbelj.<\/p>\n<p dir=\"auto\"><img decoding=\"async\" class=\"alignnone wp-image-1229\" src=\"https:\/\/harmonijauma.si\/wp-content\/uploads\/2024\/09\/metulj-leti-harmonija-300x297.png\" alt=\"hipnoterapija harmonija\" width=\"35\" height=\"34\" srcset=\"https:\/\/harmonijauma.si\/wp-content\/uploads\/2024\/09\/metulj-leti-harmonija-300x297.png 300w, https:\/\/harmonijauma.si\/wp-content\/uploads\/2024\/09\/metulj-leti-harmonija-100x100.png 100w, https:\/\/harmonijauma.si\/wp-content\/uploads\/2024\/09\/metulj-leti-harmonija-150x150.png 150w, https:\/\/harmonijauma.si\/wp-content\/uploads\/2024\/09\/metulj-leti-harmonija.png 590w\" sizes=\"(max-width: 35px) 100vw, 35px\" \/>\u00a0Uporablja se v ritualih, meditacijah, pred obredi ali po stresnih dnevih.<\/p>\n<p dir=\"auto\"><img decoding=\"async\" class=\"alignnone wp-image-1229\" src=\"https:\/\/harmonijauma.si\/wp-content\/uploads\/2024\/09\/metulj-leti-harmonija-300x297.png\" alt=\"hipnoterapija harmonija\" width=\"35\" height=\"34\" srcset=\"https:\/\/harmonijauma.si\/wp-content\/uploads\/2024\/09\/metulj-leti-harmonija-300x297.png 300w, https:\/\/harmonijauma.si\/wp-content\/uploads\/2024\/09\/metulj-leti-harmonija-100x100.png 100w, https:\/\/harmonijauma.si\/wp-content\/uploads\/2024\/09\/metulj-leti-harmonija-150x150.png 150w, https:\/\/harmonijauma.si\/wp-content\/uploads\/2024\/09\/metulj-leti-harmonija.png 590w\" sizes=\"(max-width: 35px) 100vw, 35px\" \/>\u00a0Primerno za \u010di\u0161\u010denje prostorov, kristalov, predmetov ali oseb.<\/p>\n<p dir=\"auto\"><img decoding=\"async\" class=\"alignnone wp-image-1229\" src=\"https:\/\/harmonijauma.si\/wp-content\/uploads\/2024\/09\/metulj-leti-harmonija-300x297.png\" alt=\"hipnoterapija harmonija\" width=\"35\" height=\"34\" srcset=\"https:\/\/harmonijauma.si\/wp-content\/uploads\/2024\/09\/metulj-leti-harmonija-300x297.png 300w, https:\/\/harmonijauma.si\/wp-content\/uploads\/2024\/09\/metulj-leti-harmonija-100x100.png 100w, https:\/\/harmonijauma.si\/wp-content\/uploads\/2024\/09\/metulj-leti-harmonija-150x150.png 150w, https:\/\/harmonijauma.si\/wp-content\/uploads\/2024\/09\/metulj-leti-harmonija.png 590w\" sizes=\"(max-width: 35px) 100vw, 35px\" \/>\u00a0En zvitek lahko uporabite ve\u010dkrat (ugasnite v posodi s peskom ali na kerami\u010dni podlagi).<\/p>\n<p>Uporaba:<\/p>\n<p dir=\"auto\">Pri\u017egite konico pal\u010dke, pustite, da zagori za nekaj sekund, nato upihnite plamen. Dim ne\u017eno razpihajte po prostoru ali okoli telesa. Po uporabi prostor dobro prezra\u010dite.<\/p>\n<p dir=\"auto\">Shranjujte v suhem prostoru.<\/p>\n<\/div>\n<p dir=\"auto\">Vdihnite mir. Izdihnite te\u017eo. Ustvarite prostor, kjer lahko zadiha tudi va\u0161a du\u0161a.<\/p>\n<\/div>","protected":false},"excerpt":{"rendered":"<p><strong>\u017dAJBLJEVO KADILO<\/strong><\/p>\n<p>\u010ci\u0161\u010denje prostora \u2013 obred miru in jasnosti.<\/p>","protected":false},"featured_media":3877,"template":"","meta":[],"product_brand":[],"product_cat":[24],"product_tag":[],"class_list":{"0":"post-3876","1":"product","2":"type-product","3":"status-publish","4":"has-post-thumbnail","6":"product_cat-izdelki","8":"first","9":"instock","10":"shipping-taxable","11":"purchasable","12":"product-type-simple"},"_links":{"self":[{"href":"https:\/\/harmonijauma.si\/en\/wp-json\/wp\/v2\/product\/3876","targetHints":{"allow":["GET"]}}],"collection":[{"href":"https:\/\/harmonijauma.si\/en\/wp-json\/wp\/v2\/product"}],"about":[{"href":"https:\/\/harmonijauma.si\/en\/wp-json\/wp\/v2\/types\/product"}],"wp:featuredmedia":[{"embeddable":true,"href":"https:\/\/harmonijauma.si\/en\/wp-json\/wp\/v2\/media\/3877"}],"wp:attachment":[{"href":"https:\/\/harmonijauma.si\/en\/wp-json\/wp\/v2\/media?parent=3876"}],"wp:term":[{"taxonomy":"product_brand","embeddable":true,"href":"https:\/\/harmonijauma.si\/en\/wp-json\/wp\/v2\/product_brand?post=3876"},{"taxonomy":"product_cat","embeddable":true,"href":"https:\/\/harmonijauma.si\/en\/wp-json\/wp\/v2\/product_cat?post=3876"},{"taxonomy":"product_tag","embeddable":true,"href":"https:\/\/harmonijauma.si\/en\/wp-json\/wp\/v2\/product_tag?post=3876"}],"curies":[{"name":"wp","href":"https:\/\/api.w.org\/{rel}","templated":true}]}}