{"id":3880,"date":"2025-06-09T23:54:00","date_gmt":"2025-06-09T23:54:00","guid":{"rendered":"https:\/\/harmonijauma.si\/?post_type=product&#038;p=3880"},"modified":"2025-09-05T01:13:24","modified_gmt":"2025-09-05T01:13:24","slug":"tea-strainer-with-crystal-ritual-for-body-and-soul","status":"publish","type":"product","link":"https:\/\/harmonijauma.si\/en\/product\/tea-strainer-with-crystal-ritual-for-body-and-soul\/","title":{"rendered":"\u010cAJNO CEDILO S KRISTALOM \u2013 RITUAL ZA TELO IN DU\u0160O"},"content":{"rendered":"<div>\n<div>\n<p dir=\"auto\">Pove\u017eite vsakdanji trenutek pitja \u010daja z vibracijo kristalov.<\/p>\n<p dir=\"auto\">S tem elegantnim \u010dajnim cedilom z naravnim kristalom bo vsak \u010dajni ritual dobil svojo energijsko noto. Vsak kristal oddaja svojo vibracijo, ki se prenese na vodo in napitek \u2013 tako spodbudite tako okus kot svojo notranjo naravnanost.\u00a0Kristal ni le okras, temve\u010d energetski simbol, ki vsako skodelico \u010daja spremeni v majhen osebni ritual.<\/p>\n<p dir=\"auto\"><img decoding=\"async\" class=\"alignnone  wp-image-1229\" src=\"https:\/\/harmonijauma.si\/wp-content\/uploads\/2024\/09\/metulj-leti-harmonija-300x297.png\" alt=\"hipnoterapija harmonija\" width=\"35\" height=\"34\" srcset=\"https:\/\/harmonijauma.si\/wp-content\/uploads\/2024\/09\/metulj-leti-harmonija-300x297.png 300w, https:\/\/harmonijauma.si\/wp-content\/uploads\/2024\/09\/metulj-leti-harmonija-100x100.png 100w, https:\/\/harmonijauma.si\/wp-content\/uploads\/2024\/09\/metulj-leti-harmonija-150x150.png 150w, https:\/\/harmonijauma.si\/wp-content\/uploads\/2024\/09\/metulj-leti-harmonija.png 590w\" sizes=\"(max-width: 35px) 100vw, 35px\" \/>\u00a0Prakti\u010den in trajnosten.<\/p>\n<p dir=\"auto\"><img decoding=\"async\" class=\"alignnone  wp-image-1229\" src=\"https:\/\/harmonijauma.si\/wp-content\/uploads\/2024\/09\/metulj-leti-harmonija-300x297.png\" alt=\"hipnoterapija harmonija\" width=\"35\" height=\"34\" srcset=\"https:\/\/harmonijauma.si\/wp-content\/uploads\/2024\/09\/metulj-leti-harmonija-300x297.png 300w, https:\/\/harmonijauma.si\/wp-content\/uploads\/2024\/09\/metulj-leti-harmonija-100x100.png 100w, https:\/\/harmonijauma.si\/wp-content\/uploads\/2024\/09\/metulj-leti-harmonija-150x150.png 150w, https:\/\/harmonijauma.si\/wp-content\/uploads\/2024\/09\/metulj-leti-harmonija.png 590w\" sizes=\"(max-width: 35px) 100vw, 35px\" \/>\u00a0Vsak kristal nosi svojo energijo in namen.<\/p>\n<p dir=\"auto\"><img decoding=\"async\" class=\"alignnone  wp-image-1229\" src=\"https:\/\/harmonijauma.si\/wp-content\/uploads\/2024\/09\/metulj-leti-harmonija-300x297.png\" alt=\"hipnoterapija harmonija\" width=\"35\" height=\"34\" srcset=\"https:\/\/harmonijauma.si\/wp-content\/uploads\/2024\/09\/metulj-leti-harmonija-300x297.png 300w, https:\/\/harmonijauma.si\/wp-content\/uploads\/2024\/09\/metulj-leti-harmonija-100x100.png 100w, https:\/\/harmonijauma.si\/wp-content\/uploads\/2024\/09\/metulj-leti-harmonija-150x150.png 150w, https:\/\/harmonijauma.si\/wp-content\/uploads\/2024\/09\/metulj-leti-harmonija.png 590w\" sizes=\"(max-width: 35px) 100vw, 35px\" \/>\u00a0Estetsko darilo za ljubitelje \u010dajev, kristalov in ritualov.<\/p>\n<p dir=\"auto\"><img decoding=\"async\" class=\"alignnone  wp-image-1229\" src=\"https:\/\/harmonijauma.si\/wp-content\/uploads\/2024\/09\/metulj-leti-harmonija-300x297.png\" alt=\"hipnoterapija harmonija\" width=\"35\" height=\"34\" srcset=\"https:\/\/harmonijauma.si\/wp-content\/uploads\/2024\/09\/metulj-leti-harmonija-300x297.png 300w, https:\/\/harmonijauma.si\/wp-content\/uploads\/2024\/09\/metulj-leti-harmonija-100x100.png 100w, https:\/\/harmonijauma.si\/wp-content\/uploads\/2024\/09\/metulj-leti-harmonija-150x150.png 150w, https:\/\/harmonijauma.si\/wp-content\/uploads\/2024\/09\/metulj-leti-harmonija.png 590w\" sizes=\"(max-width: 35px) 100vw, 35px\" \/>\u00a0Po uporabi o\u010distite z vodo in posu\u0161ite. Ne pomivajte v pomivalnem stroju.<\/p>\n<\/div>\n<\/div>\n<p>&nbsp;<\/p>\n<div>\n<p dir=\"auto\"><img decoding=\"async\" class=\"an1\" draggable=\"false\" src=\"https:\/\/fonts.gstatic.com\/s\/e\/notoemoji\/16.0\/1f381\/32.png\" alt=\"\ud83c\udf81\" data-emoji=\"\ud83c\udf81\" aria-label=\"\ud83c\udf81\" \/>\u00a0Popolno darilo za rojstni dan, darilo sebi ali pozornost z namenom.<\/p>\n<p>Na voljo so 3 razli\u010dni kristali: Ro\u017eevec (Rose Quartz), Akvamarin (Aquamarine), \u010crni Obsidian (Black Obsidian)<\/p>\n<\/div>\n<p>&nbsp;<\/p>","protected":false},"excerpt":{"rendered":"<p><strong>\u010cAJNO CEDILO S KRISTALOM \u2013 RITUAL ZA TELO IN DU\u0160O<\/strong><\/p>\n<p><img decoding=\"async\" class=\"an1\" draggable=\"false\" src=\"https:\/\/fonts.gstatic.com\/s\/e\/notoemoji\/16.0\/1f381\/32.png\" alt=\"\ud83c\udf81\" data-emoji=\"\ud83c\udf81\" aria-label=\"\ud83c\udf81\" \/>\u00a0Popolno darilo za rojstni dan, darilo sebi ali pozornost z namenom.<\/p>","protected":false},"featured_media":3889,"template":"","meta":[],"product_brand":[],"product_cat":[24],"product_tag":[],"class_list":{"0":"post-3880","1":"product","2":"type-product","3":"status-publish","4":"has-post-thumbnail","6":"product_cat-izdelki","8":"first","9":"instock","10":"shipping-taxable","11":"purchasable","12":"product-type-variable"},"_links":{"self":[{"href":"https:\/\/harmonijauma.si\/en\/wp-json\/wp\/v2\/product\/3880","targetHints":{"allow":["GET"]}}],"collection":[{"href":"https:\/\/harmonijauma.si\/en\/wp-json\/wp\/v2\/product"}],"about":[{"href":"https:\/\/harmonijauma.si\/en\/wp-json\/wp\/v2\/types\/product"}],"wp:featuredmedia":[{"embeddable":true,"href":"https:\/\/harmonijauma.si\/en\/wp-json\/wp\/v2\/media\/3889"}],"wp:attachment":[{"href":"https:\/\/harmonijauma.si\/en\/wp-json\/wp\/v2\/media?parent=3880"}],"wp:term":[{"taxonomy":"product_brand","embeddable":true,"href":"https:\/\/harmonijauma.si\/en\/wp-json\/wp\/v2\/product_brand?post=3880"},{"taxonomy":"product_cat","embeddable":true,"href":"https:\/\/harmonijauma.si\/en\/wp-json\/wp\/v2\/product_cat?post=3880"},{"taxonomy":"product_tag","embeddable":true,"href":"https:\/\/harmonijauma.si\/en\/wp-json\/wp\/v2\/product_tag?post=3880"}],"curies":[{"name":"wp","href":"https:\/\/api.w.org\/{rel}","templated":true}]}}