{"id":3898,"date":"2025-06-10T00:33:40","date_gmt":"2025-06-10T00:33:40","guid":{"rendered":"https:\/\/harmonijauma.si\/?post_type=product&#038;p=3898"},"modified":"2025-10-10T18:07:56","modified_gmt":"2025-10-10T18:07:56","slug":"bamboo-fiber-soap-bag","status":"publish","type":"product","link":"https:\/\/harmonijauma.si\/en\/product\/bamboo-fiber-soap-bag\/","title":{"rendered":"MILNA VRE\u010cKA IZ BAMBUSOVIH VLAKEN"},"content":{"rendered":"<p dir=\"auto\">Naravna, ne\u017ena in trajnostna.<\/p>\n<p dir=\"auto\">Ta milna vre\u010dka iz bambusovih vlaken je popolna izbira za vse, ki \u017eelite zdru\u017eiti prakti\u010dnost, naravno nego in ekolo\u0161ko zavest. Primerna je za shranjevanje trdih mil in tudi za uporabo kot ne\u017ena piling gobica za obraz ali telo.<\/p>\n<p dir=\"auto\"><img decoding=\"async\" class=\"alignnone wp-image-1229\" src=\"https:\/\/harmonijauma.si\/wp-content\/uploads\/2024\/09\/metulj-leti-harmonija-300x297.png\" alt=\"hipnoterapija harmonija\" width=\"35\" height=\"34\" srcset=\"https:\/\/harmonijauma.si\/wp-content\/uploads\/2024\/09\/metulj-leti-harmonija-300x297.png 300w, https:\/\/harmonijauma.si\/wp-content\/uploads\/2024\/09\/metulj-leti-harmonija-100x100.png 100w, https:\/\/harmonijauma.si\/wp-content\/uploads\/2024\/09\/metulj-leti-harmonija-150x150.png 150w, https:\/\/harmonijauma.si\/wp-content\/uploads\/2024\/09\/metulj-leti-harmonija.png 590w\" sizes=\"(max-width: 35px) 100vw, 35px\" \/>\u00a0Izdelana iz mehkih, antibakterijskih bambusovih vlaken.<\/p>\n<p dir=\"auto\"><img decoding=\"async\" class=\"alignnone wp-image-1229\" src=\"https:\/\/harmonijauma.si\/wp-content\/uploads\/2024\/09\/metulj-leti-harmonija-300x297.png\" alt=\"hipnoterapija harmonija\" width=\"35\" height=\"34\" srcset=\"https:\/\/harmonijauma.si\/wp-content\/uploads\/2024\/09\/metulj-leti-harmonija-300x297.png 300w, https:\/\/harmonijauma.si\/wp-content\/uploads\/2024\/09\/metulj-leti-harmonija-100x100.png 100w, https:\/\/harmonijauma.si\/wp-content\/uploads\/2024\/09\/metulj-leti-harmonija-150x150.png 150w, https:\/\/harmonijauma.si\/wp-content\/uploads\/2024\/09\/metulj-leti-harmonija.png 590w\" sizes=\"(max-width: 35px) 100vw, 35px\" \/>\u00a0Pomaga ustvariti bogato peno, podalj\u0161a \u017eivljenjsko dobo mila.<\/p>\n<p dir=\"auto\"><img decoding=\"async\" class=\"alignnone wp-image-1229\" src=\"https:\/\/harmonijauma.si\/wp-content\/uploads\/2024\/09\/metulj-leti-harmonija-300x297.png\" alt=\"hipnoterapija harmonija\" width=\"35\" height=\"34\" srcset=\"https:\/\/harmonijauma.si\/wp-content\/uploads\/2024\/09\/metulj-leti-harmonija-300x297.png 300w, https:\/\/harmonijauma.si\/wp-content\/uploads\/2024\/09\/metulj-leti-harmonija-100x100.png 100w, https:\/\/harmonijauma.si\/wp-content\/uploads\/2024\/09\/metulj-leti-harmonija-150x150.png 150w, https:\/\/harmonijauma.si\/wp-content\/uploads\/2024\/09\/metulj-leti-harmonija.png 590w\" sizes=\"(max-width: 35px) 100vw, 35px\" \/>\u00a0Zagotavlja ne\u017een piling in mehkej\u0161o ko\u017eo.<\/p>\n<p dir=\"auto\"><img decoding=\"async\" class=\"alignnone wp-image-1229\" src=\"https:\/\/harmonijauma.si\/wp-content\/uploads\/2024\/09\/metulj-leti-harmonija-300x297.png\" alt=\"hipnoterapija harmonija\" width=\"35\" height=\"34\" srcset=\"https:\/\/harmonijauma.si\/wp-content\/uploads\/2024\/09\/metulj-leti-harmonija-300x297.png 300w, https:\/\/harmonijauma.si\/wp-content\/uploads\/2024\/09\/metulj-leti-harmonija-100x100.png 100w, https:\/\/harmonijauma.si\/wp-content\/uploads\/2024\/09\/metulj-leti-harmonija-150x150.png 150w, https:\/\/harmonijauma.si\/wp-content\/uploads\/2024\/09\/metulj-leti-harmonija.png 590w\" sizes=\"(max-width: 35px) 100vw, 35px\" \/>\u00a0Vrvica za priro\u010dno su\u0161enje \u2013 milo se ne zmeh\u010da.<\/p>\n<p dir=\"auto\"><img decoding=\"async\" class=\"alignnone wp-image-1229\" src=\"https:\/\/harmonijauma.si\/wp-content\/uploads\/2024\/09\/metulj-leti-harmonija-300x297.png\" alt=\"hipnoterapija harmonija\" width=\"35\" height=\"34\" srcset=\"https:\/\/harmonijauma.si\/wp-content\/uploads\/2024\/09\/metulj-leti-harmonija-300x297.png 300w, https:\/\/harmonijauma.si\/wp-content\/uploads\/2024\/09\/metulj-leti-harmonija-100x100.png 100w, https:\/\/harmonijauma.si\/wp-content\/uploads\/2024\/09\/metulj-leti-harmonija-150x150.png 150w, https:\/\/harmonijauma.si\/wp-content\/uploads\/2024\/09\/metulj-leti-harmonija.png 590w\" sizes=\"(max-width: 35px) 100vw, 35px\" \/>\u00a0100\u202f% biorazgradljiva \u2013 prijazna ko\u017ei in okolju!<\/p>\n<p>Uporaba: Milo polo\u017eite v vre\u010dko, zmo\u010dite in ne\u017eno masirajte ko\u017eo. Po uporabi obesite, da se posu\u0161i.<\/p>\n<p>&nbsp;<\/p>\n<h3><img decoding=\"async\" class=\"an1\" draggable=\"false\" src=\"https:\/\/fonts.gstatic.com\/s\/e\/notoemoji\/16.0\/1f4e6\/32.png\" alt=\"\ud83d\udce6\" data-emoji=\"\ud83d\udce6\" aria-label=\"\ud83d\udce6\" \/>\u00a0Idealna za:<\/h3>\n<ul>\n<li>vsakodnevno tu\u0161iranje ali kopel,<\/li>\n<li>potovanja (milo in gobica v enem),<\/li>\n<li>\n<p dir=\"auto\">darilo ob naravnih kozmeti\u010dnih kompletih.<\/p>\n<\/li>\n<\/ul>\n<p>&nbsp;<\/p>\n<h3 dir=\"auto\"><img decoding=\"async\" class=\"an1\" draggable=\"false\" src=\"https:\/\/fonts.gstatic.com\/s\/e\/notoemoji\/16.0\/1f381\/32.png\" alt=\"\ud83c\udf81\" data-emoji=\"\ud83c\udf81\" aria-label=\"\ud83c\udf81\" \/> DARILO OB NAKUPU<\/h3>\n<p dir=\"auto\">Ob nakupu milne vre\u010dke prejmete tudi 100\u202fg naravnega mila Greenman Morning Fresh \u2013 popolnoma brezpla\u010dno!<\/p>\n<p dir=\"auto\">To ro\u010dno izdelano vegansko milo je ustvarjeno v Angliji, z naravnimi olji bergamotke, bosvelije in mete, ki ne\u017eno o\u010distijo in osve\u017eijo ko\u017eo ter po\u017eivijo \u010dute.<\/p>\n<p>Popolno za jutranjo nego ali ve\u010derno sprostitev.<\/p>\n<p><img decoding=\"async\" class=\"alignnone wp-image-1229\" src=\"https:\/\/harmonijauma.si\/wp-content\/uploads\/2024\/09\/metulj-leti-harmonija-300x297.png\" alt=\"hipnoterapija harmonija\" width=\"35\" height=\"34\" srcset=\"https:\/\/harmonijauma.si\/wp-content\/uploads\/2024\/09\/metulj-leti-harmonija-300x297.png 300w, https:\/\/harmonijauma.si\/wp-content\/uploads\/2024\/09\/metulj-leti-harmonija-100x100.png 100w, https:\/\/harmonijauma.si\/wp-content\/uploads\/2024\/09\/metulj-leti-harmonija-150x150.png 150w, https:\/\/harmonijauma.si\/wp-content\/uploads\/2024\/09\/metulj-leti-harmonija.png 590w\" sizes=\"(max-width: 35px) 100vw, 35px\" \/>\u00a0Ro\u010dno izdelano<\/p>\n<p><img decoding=\"async\" class=\"alignnone wp-image-1229\" src=\"https:\/\/harmonijauma.si\/wp-content\/uploads\/2024\/09\/metulj-leti-harmonija-300x297.png\" alt=\"hipnoterapija harmonija\" width=\"35\" height=\"34\" srcset=\"https:\/\/harmonijauma.si\/wp-content\/uploads\/2024\/09\/metulj-leti-harmonija-300x297.png 300w, https:\/\/harmonijauma.si\/wp-content\/uploads\/2024\/09\/metulj-leti-harmonija-100x100.png 100w, https:\/\/harmonijauma.si\/wp-content\/uploads\/2024\/09\/metulj-leti-harmonija-150x150.png 150w, https:\/\/harmonijauma.si\/wp-content\/uploads\/2024\/09\/metulj-leti-harmonija.png 590w\" sizes=\"(max-width: 35px) 100vw, 35px\" \/>\u00a0Brez parabenov in SLS<\/p>\n<p><img decoding=\"async\" class=\"alignnone wp-image-1229\" src=\"https:\/\/harmonijauma.si\/wp-content\/uploads\/2024\/09\/metulj-leti-harmonija-300x297.png\" alt=\"hipnoterapija harmonija\" width=\"35\" height=\"34\" srcset=\"https:\/\/harmonijauma.si\/wp-content\/uploads\/2024\/09\/metulj-leti-harmonija-300x297.png 300w, https:\/\/harmonijauma.si\/wp-content\/uploads\/2024\/09\/metulj-leti-harmonija-100x100.png 100w, https:\/\/harmonijauma.si\/wp-content\/uploads\/2024\/09\/metulj-leti-harmonija-150x150.png 150w, https:\/\/harmonijauma.si\/wp-content\/uploads\/2024\/09\/metulj-leti-harmonija.png 590w\" sizes=\"(max-width: 35px) 100vw, 35px\" \/>\u00a0Aromati\u010dno, sve\u017ee in rastlinskega izvora<\/p>\n<p><img decoding=\"async\" class=\"alignnone wp-image-1229\" src=\"https:\/\/harmonijauma.si\/wp-content\/uploads\/2024\/09\/metulj-leti-harmonija-300x297.png\" alt=\"hipnoterapija harmonija\" width=\"35\" height=\"34\" srcset=\"https:\/\/harmonijauma.si\/wp-content\/uploads\/2024\/09\/metulj-leti-harmonija-300x297.png 300w, https:\/\/harmonijauma.si\/wp-content\/uploads\/2024\/09\/metulj-leti-harmonija-100x100.png 100w, https:\/\/harmonijauma.si\/wp-content\/uploads\/2024\/09\/metulj-leti-harmonija-150x150.png 150w, https:\/\/harmonijauma.si\/wp-content\/uploads\/2024\/09\/metulj-leti-harmonija.png 590w\" sizes=\"(max-width: 35px) 100vw, 35px\" \/>\u00a0Vegansko in cruelty-free<\/p>","protected":false},"excerpt":{"rendered":"<p><strong>MILNA VRE\u010cKA IZ BAMBUSOVIH VLAKEN<\/strong><\/p>\n<h3 dir=\"auto\"><img decoding=\"async\" class=\"an1\" draggable=\"false\" src=\"https:\/\/fonts.gstatic.com\/s\/e\/notoemoji\/16.0\/1f381\/32.png\" alt=\"\ud83c\udf81\" data-emoji=\"\ud83c\udf81\" aria-label=\"\ud83c\udf81\" \/> DARILO OB NAKUPU<\/h3>\n<p dir=\"auto\">Ob nakupu milne vre\u010dke prejmete tudi 100\u202fg naravnega mila Greenman Morning Fresh \u2013 popolnoma brezpla\u010dno!<\/p>","protected":false},"featured_media":3902,"template":"","meta":[],"product_brand":[],"product_cat":[24],"product_tag":[],"class_list":{"0":"post-3898","1":"product","2":"type-product","3":"status-publish","4":"has-post-thumbnail","6":"product_cat-izdelki","8":"first","9":"instock","10":"shipping-taxable","11":"purchasable","12":"product-type-simple"},"_links":{"self":[{"href":"https:\/\/harmonijauma.si\/en\/wp-json\/wp\/v2\/product\/3898","targetHints":{"allow":["GET"]}}],"collection":[{"href":"https:\/\/harmonijauma.si\/en\/wp-json\/wp\/v2\/product"}],"about":[{"href":"https:\/\/harmonijauma.si\/en\/wp-json\/wp\/v2\/types\/product"}],"wp:featuredmedia":[{"embeddable":true,"href":"https:\/\/harmonijauma.si\/en\/wp-json\/wp\/v2\/media\/3902"}],"wp:attachment":[{"href":"https:\/\/harmonijauma.si\/en\/wp-json\/wp\/v2\/media?parent=3898"}],"wp:term":[{"taxonomy":"product_brand","embeddable":true,"href":"https:\/\/harmonijauma.si\/en\/wp-json\/wp\/v2\/product_brand?post=3898"},{"taxonomy":"product_cat","embeddable":true,"href":"https:\/\/harmonijauma.si\/en\/wp-json\/wp\/v2\/product_cat?post=3898"},{"taxonomy":"product_tag","embeddable":true,"href":"https:\/\/harmonijauma.si\/en\/wp-json\/wp\/v2\/product_tag?post=3898"}],"curies":[{"name":"wp","href":"https:\/\/api.w.org\/{rel}","templated":true}]}}