{"id":3904,"date":"2025-06-10T00:35:52","date_gmt":"2025-06-10T00:35:52","guid":{"rendered":"https:\/\/harmonijauma.si\/?post_type=product&#038;p=3904"},"modified":"2025-10-02T16:07:20","modified_gmt":"2025-10-02T16:07:20","slug":"himalajska-sol-srce","status":"publish","type":"product","link":"https:\/\/harmonijauma.si\/en\/product\/himalajska-sol-srce\/","title":{"rendered":"HIMALAJSKA SOL, SRCE \u2013 simbol ljubezni in \u010di\u0161\u010denja"},"content":{"rendered":"<p dir=\"auto\">Naravni kristal za harmonizacijo prostora in energije.<\/p>\n<p dir=\"auto\">To srce iz roza himalajske soli (220\u202fg), ro\u010dno oblikovano v Pakistanu, je \u010dudovit naravni pripomo\u010dek za podporo pri energetskem \u010di\u0161\u010denju prostora, umiritvi \u010dustev in vzpostavljanju notranjega ravnovesja.<\/p>\n<p>Sr\u010dna oblika simbolizira ljubezen, so\u010dutje in povezanost \u2013 hkrati pa naravna sol nevtralizira negativne vibracije.<\/p>\n<p dir=\"auto\"><img decoding=\"async\" class=\"alignnone wp-image-1229\" src=\"https:\/\/harmonijauma.si\/wp-content\/uploads\/2024\/09\/metulj-leti-harmonija-300x297.png\" alt=\"hipnoterapija harmonija\" width=\"35\" height=\"34\" srcset=\"https:\/\/harmonijauma.si\/wp-content\/uploads\/2024\/09\/metulj-leti-harmonija-300x297.png 300w, https:\/\/harmonijauma.si\/wp-content\/uploads\/2024\/09\/metulj-leti-harmonija-100x100.png 100w, https:\/\/harmonijauma.si\/wp-content\/uploads\/2024\/09\/metulj-leti-harmonija-150x150.png 150w, https:\/\/harmonijauma.si\/wp-content\/uploads\/2024\/09\/metulj-leti-harmonija.png 590w\" sizes=\"(max-width: 35px) 100vw, 35px\" \/>\u00a0Idealno za meditacijski koti\u010dek, no\u010dno omarico ali sveti prostor.<\/p>\n<p dir=\"auto\"><img decoding=\"async\" class=\"alignnone wp-image-1229\" src=\"https:\/\/harmonijauma.si\/wp-content\/uploads\/2024\/09\/metulj-leti-harmonija-300x297.png\" alt=\"hipnoterapija harmonija\" width=\"35\" height=\"34\" srcset=\"https:\/\/harmonijauma.si\/wp-content\/uploads\/2024\/09\/metulj-leti-harmonija-300x297.png 300w, https:\/\/harmonijauma.si\/wp-content\/uploads\/2024\/09\/metulj-leti-harmonija-100x100.png 100w, https:\/\/harmonijauma.si\/wp-content\/uploads\/2024\/09\/metulj-leti-harmonija-150x150.png 150w, https:\/\/harmonijauma.si\/wp-content\/uploads\/2024\/09\/metulj-leti-harmonija.png 590w\" sizes=\"(max-width: 35px) 100vw, 35px\" \/>\u00a0Naravni kristal z visoko vibracijo in za\u0161\u010ditnimi lastnostmi.<\/p>\n<p dir=\"auto\"><img decoding=\"async\" class=\"alignnone wp-image-1229\" src=\"https:\/\/harmonijauma.si\/wp-content\/uploads\/2024\/09\/metulj-leti-harmonija-300x297.png\" alt=\"hipnoterapija harmonija\" width=\"35\" height=\"34\" srcset=\"https:\/\/harmonijauma.si\/wp-content\/uploads\/2024\/09\/metulj-leti-harmonija-300x297.png 300w, https:\/\/harmonijauma.si\/wp-content\/uploads\/2024\/09\/metulj-leti-harmonija-100x100.png 100w, https:\/\/harmonijauma.si\/wp-content\/uploads\/2024\/09\/metulj-leti-harmonija-150x150.png 150w, https:\/\/harmonijauma.si\/wp-content\/uploads\/2024\/09\/metulj-leti-harmonija.png 590w\" sizes=\"(max-width: 35px) 100vw, 35px\" \/>\u00a0Lahko se uporablja pri ritualih, jogi, meditaciji ali energijskem \u010di\u0161\u010denju.<\/p>\n<p dir=\"auto\"><img decoding=\"async\" class=\"alignnone wp-image-1229\" src=\"https:\/\/harmonijauma.si\/wp-content\/uploads\/2024\/09\/metulj-leti-harmonija-300x297.png\" alt=\"hipnoterapija harmonija\" width=\"35\" height=\"34\" srcset=\"https:\/\/harmonijauma.si\/wp-content\/uploads\/2024\/09\/metulj-leti-harmonija-300x297.png 300w, https:\/\/harmonijauma.si\/wp-content\/uploads\/2024\/09\/metulj-leti-harmonija-100x100.png 100w, https:\/\/harmonijauma.si\/wp-content\/uploads\/2024\/09\/metulj-leti-harmonija-150x150.png 150w, https:\/\/harmonijauma.si\/wp-content\/uploads\/2024\/09\/metulj-leti-harmonija.png 590w\" sizes=\"(max-width: 35px) 100vw, 35px\" \/>\u00a0\u010cudovito darilo za srce \u2013 dobesedno in duhovno.<\/p>\n<p dir=\"auto\"><img decoding=\"async\" class=\"alignnone wp-image-1229\" src=\"https:\/\/harmonijauma.si\/wp-content\/uploads\/2024\/09\/metulj-leti-harmonija-300x297.png\" alt=\"hipnoterapija harmonija\" width=\"35\" height=\"34\" srcset=\"https:\/\/harmonijauma.si\/wp-content\/uploads\/2024\/09\/metulj-leti-harmonija-300x297.png 300w, https:\/\/harmonijauma.si\/wp-content\/uploads\/2024\/09\/metulj-leti-harmonija-100x100.png 100w, https:\/\/harmonijauma.si\/wp-content\/uploads\/2024\/09\/metulj-leti-harmonija-150x150.png 150w, https:\/\/harmonijauma.si\/wp-content\/uploads\/2024\/09\/metulj-leti-harmonija.png 590w\" sizes=\"(max-width: 35px) 100vw, 35px\" \/>\u00a0Ro\u010dno oblikovano in unikatno.<\/p>\n<p dir=\"auto\">Namig: Ob polni luni ga polo\u017eite na okensko polico, da se dodatno energetsko o\u010disti in napolni.<\/p>\n<p dir=\"auto\">","protected":false},"excerpt":{"rendered":"<p>SRCE IZ HIMALAJSKE SOLI \u2013 simbol ljubezni in \u010di\u0161\u010denja<\/p>","protected":false},"featured_media":3905,"template":"","meta":[],"product_brand":[],"product_cat":[24],"product_tag":[],"class_list":{"0":"post-3904","1":"product","2":"type-product","3":"status-publish","4":"has-post-thumbnail","6":"product_cat-izdelki","8":"first","9":"instock","10":"shipping-taxable","11":"purchasable","12":"product-type-simple"},"_links":{"self":[{"href":"https:\/\/harmonijauma.si\/en\/wp-json\/wp\/v2\/product\/3904","targetHints":{"allow":["GET"]}}],"collection":[{"href":"https:\/\/harmonijauma.si\/en\/wp-json\/wp\/v2\/product"}],"about":[{"href":"https:\/\/harmonijauma.si\/en\/wp-json\/wp\/v2\/types\/product"}],"wp:featuredmedia":[{"embeddable":true,"href":"https:\/\/harmonijauma.si\/en\/wp-json\/wp\/v2\/media\/3905"}],"wp:attachment":[{"href":"https:\/\/harmonijauma.si\/en\/wp-json\/wp\/v2\/media?parent=3904"}],"wp:term":[{"taxonomy":"product_brand","embeddable":true,"href":"https:\/\/harmonijauma.si\/en\/wp-json\/wp\/v2\/product_brand?post=3904"},{"taxonomy":"product_cat","embeddable":true,"href":"https:\/\/harmonijauma.si\/en\/wp-json\/wp\/v2\/product_cat?post=3904"},{"taxonomy":"product_tag","embeddable":true,"href":"https:\/\/harmonijauma.si\/en\/wp-json\/wp\/v2\/product_tag?post=3904"}],"curies":[{"name":"wp","href":"https:\/\/api.w.org\/{rel}","templated":true}]}}